{"id":29,"date":"2023-03-06T13:59:57","date_gmt":"2023-03-06T16:59:57","guid":{"rendered":"https:\/\/formato2.com.br\/?page_id=29"},"modified":"2023-03-11T21:37:42","modified_gmt":"2023-03-12T00:37:42","slug":"sobre","status":"publish","type":"page","link":"https:\/\/formato2.com.br\/index.php\/sobre\/","title":{"rendered":"SOBRE"},"content":{"rendered":"\t\t<div data-elementor-type=\"wp-page\" data-elementor-id=\"29\" class=\"elementor elementor-29\">\n\t\t\t\t\t\t\t\t\t<section class=\"elementor-section elementor-top-section elementor-element elementor-element-f93f5bb elementor-section-boxed elementor-section-height-default elementor-section-height-default\" data-id=\"f93f5bb\" data-element_type=\"section\">\n\t\t\t\t\t\t<div class=\"elementor-container elementor-column-gap-default\">\n\t\t\t\t\t<div class=\"elementor-column elementor-col-100 elementor-top-column elementor-element elementor-element-77404d3\" data-id=\"77404d3\" data-element_type=\"column\">\n\t\t\t<div class=\"elementor-widget-wrap elementor-element-populated\">\n\t\t\t\t\t\t\t\t<div class=\"elementor-element elementor-element-4aef72b elementor-widget elementor-widget-heading\" data-id=\"4aef72b\" data-element_type=\"widget\" data-widget_type=\"heading.default\">\n\t\t\t\t<div class=\"elementor-widget-container\">\n\t\t\t<style>\/*! elementor - v3.11.3 - 07-03-2023 *\/\n.elementor-heading-title{padding:0;margin:0;line-height:1}.elementor-widget-heading .elementor-heading-title[class*=elementor-size-]>a{color:inherit;font-size:inherit;line-height:inherit}.elementor-widget-heading .elementor-heading-title.elementor-size-small{font-size:15px}.elementor-widget-heading .elementor-heading-title.elementor-size-medium{font-size:19px}.elementor-widget-heading .elementor-heading-title.elementor-size-large{font-size:29px}.elementor-widget-heading .elementor-heading-title.elementor-size-xl{font-size:39px}.elementor-widget-heading .elementor-heading-title.elementor-size-xxl{font-size:59px}<\/style><h2 class=\"elementor-heading-title elementor-size-default\">Nossa hist\u00f3ria<\/h2>\t\t<\/div>\n\t\t\t\t<\/div>\n\t\t\t\t\t<\/div>\n\t\t<\/div>\n\t\t\t\t\t\t\t<\/div>\n\t\t<\/section>\n\t\t\t\t<section class=\"elementor-section elementor-top-section elementor-element elementor-element-ce930de elementor-section-boxed elementor-section-height-default elementor-section-height-default\" data-id=\"ce930de\" data-element_type=\"section\">\n\t\t\t\t\t\t<div class=\"elementor-container elementor-column-gap-default\">\n\t\t\t\t\t<div class=\"elementor-column elementor-col-66 elementor-top-column elementor-element elementor-element-24d63ff\" data-id=\"24d63ff\" data-element_type=\"column\">\n\t\t\t<div class=\"elementor-widget-wrap elementor-element-populated\">\n\t\t\t\t\t\t\t\t<div class=\"elementor-element elementor-element-65f0f92 elementor-widget elementor-widget-text-editor\" data-id=\"65f0f92\" data-element_type=\"widget\" data-widget_type=\"text-editor.default\">\n\t\t\t\t<div class=\"elementor-widget-container\">\n\t\t\t<style>\/*! elementor - v3.11.3 - 07-03-2023 *\/\n.elementor-widget-text-editor.elementor-drop-cap-view-stacked .elementor-drop-cap{background-color:#818a91;color:#fff}.elementor-widget-text-editor.elementor-drop-cap-view-framed .elementor-drop-cap{color:#818a91;border:3px solid;background-color:transparent}.elementor-widget-text-editor:not(.elementor-drop-cap-view-default) .elementor-drop-cap{margin-top:8px}.elementor-widget-text-editor:not(.elementor-drop-cap-view-default) .elementor-drop-cap-letter{width:1em;height:1em}.elementor-widget-text-editor .elementor-drop-cap{float:left;text-align:center;line-height:1;font-size:50px}.elementor-widget-text-editor .elementor-drop-cap-letter{display:inline-block}<\/style>\t\t\t\t<div class=\"elementor-element elementor-element-3b4cf0f elementor-widget elementor-widget-heading\" data-id=\"3b4cf0f\" data-element_type=\"widget\" data-widget_type=\"heading.default\"><div class=\"elementor-widget-container\"><h2 class=\"elementor-heading-title elementor-size-default\">Sobre<\/h2><\/div><\/div><div class=\"elementor-element elementor-element-f0ed00f elementor-widget-divider--view-line elementor-widget elementor-widget-divider\" data-id=\"f0ed00f\" data-element_type=\"widget\" data-widget_type=\"divider.default\"><div class=\"elementor-widget-container\"><div class=\"elementor-divider\">\u00a0<\/div><\/div><\/div><div class=\"elementor-element elementor-element-c593761 elementor-widget elementor-widget-text-editor\" data-id=\"c593761\" data-element_type=\"widget\" data-widget_type=\"text-editor.default\"><div class=\"elementor-widget-container\"><div class=\"elementor-text-editor elementor-clearfix\"><p>Estudar e conhecer o lugar onde mora significa compreender as rela\u00e7\u00f5es que ali acontecem e sua rela\u00e7\u00e3o entre escalas global, regional e local. \u00c9 neste sentido que a Formato2 Editora trabalha: em prol de contribuir com uma grade curricular unificada em todo pa\u00eds, respeitando o regionalismo e o interesse de cada localidade.<\/p><p>E foi, ap\u00f3s alguns anos de idealiza\u00e7\u00e3o, que os s\u00f3cios Braulino Filho e Elias Paiva fundaram no dia 31 de janeiro de 2013, na cidade de Manaus, no Amazonas, a Formato2 Editora. Com raz\u00e3o social e nomenclatura de BP Com\u00e9rcio e Servi\u00e7os e Impress\u00e3o DE, hoje a editora pesquisa e permeia os estados brasileiros para escrever e mostrar as hist\u00f3rias de in\u00fameros munic\u00edpios.<\/p><p>Com o lema \u201cresgatar fatos e contar hist\u00f3ria\u201d, uma equipe multidisciplinar visa a valoriza\u00e7\u00e3o de cada lugar do nosso grandioso Brasil. Atualmente j\u00e1 s\u00e3o mais de 150 t\u00edtulos de livros registrados no ISBN (International Standard Book Number\/ Padr\u00e3o Internacional de Numera\u00e7\u00e3o de Livro) \u2013 Biblioteca Nacional, e na C\u00e2mara Brasileira do Livro (CBL). A sede est\u00e1 localizada na rua Auxiliadora Chaves, n\u00famero 9, no Parque das Laranjeiras, bairro Flores.<\/p><p>A editora acredita que todo lugar est\u00e1 repleto de v\u00ednculos afetivos e de rela\u00e7\u00f5es hist\u00f3ricas, econ\u00f4micas, sociais e naturais, afinal, n\u00e3o podemos considerar nenhum lugar como neutro. Estudar e conhecer os lugares significa compreender as rela\u00e7\u00f5es que ali acontecem e sua rela\u00e7\u00e3o entre escalas maiores do global para o regional. Portanto, procurar saber sobre o lugar \u00e9 algo desafiador e instigante, despertando a investiga\u00e7\u00e3o da localidade e que a torne agente do processo da constru\u00e7\u00e3o do conhecimento.<\/p><\/div><\/div><\/div>\t\t\t\t\t\t<\/div>\n\t\t\t\t<\/div>\n\t\t\t\t\t<\/div>\n\t\t<\/div>\n\t\t\t\t<div class=\"elementor-column elementor-col-33 elementor-top-column elementor-element elementor-element-fda0796\" data-id=\"fda0796\" data-element_type=\"column\">\n\t\t\t<div class=\"elementor-widget-wrap elementor-element-populated\">\n\t\t\t\t\t\t\t\t<div class=\"elementor-element elementor-element-83d8911 elementor-widget elementor-widget-image\" data-id=\"83d8911\" data-element_type=\"widget\" data-widget_type=\"image.default\">\n\t\t\t\t<div class=\"elementor-widget-container\">\n\t\t\t<style>\/*! elementor - v3.11.3 - 07-03-2023 *\/\n.elementor-widget-image{text-align:center}.elementor-widget-image a{display:inline-block}.elementor-widget-image a img[src$=\".svg\"]{width:48px}.elementor-widget-image img{vertical-align:middle;display:inline-block}<\/style>\t\t\t\t\t\t\t\t\t\t\t\t<img decoding=\"async\" loading=\"lazy\" width=\"580\" height=\"201\" src=\"https:\/\/formato2.com.br\/wp-content\/uploads\/2023\/03\/img01-1-1024x354-1.png\" class=\"attachment-large size-large wp-image-158\" alt=\"\" srcset=\"https:\/\/formato2.com.br\/wp-content\/uploads\/2023\/03\/img01-1-1024x354-1.png 1024w, https:\/\/formato2.com.br\/wp-content\/uploads\/2023\/03\/img01-1-1024x354-1-300x104.png 300w, https:\/\/formato2.com.br\/wp-content\/uploads\/2023\/03\/img01-1-1024x354-1-768x266.png 768w\" sizes=\"(max-width: 580px) 100vw, 580px\" \/>\t\t\t\t\t\t\t\t\t\t\t\t\t\t\t<\/div>\n\t\t\t\t<\/div>\n\t\t\t\t\t<\/div>\n\t\t<\/div>\n\t\t\t\t\t\t\t<\/div>\n\t\t<\/section>\n\t\t\t\t<section class=\"elementor-section elementor-top-section elementor-element elementor-element-0c5e90f elementor-section-boxed elementor-section-height-default elementor-section-height-default\" data-id=\"0c5e90f\" data-element_type=\"section\">\n\t\t\t\t\t\t<div class=\"elementor-container elementor-column-gap-default\">\n\t\t\t\t\t<div class=\"elementor-column elementor-col-33 elementor-top-column elementor-element elementor-element-27159fa\" data-id=\"27159fa\" data-element_type=\"column\">\n\t\t\t<div class=\"elementor-widget-wrap elementor-element-populated\">\n\t\t\t\t\t\t\t\t<div class=\"elementor-element elementor-element-369fe80 elementor-widget elementor-widget-image\" data-id=\"369fe80\" data-element_type=\"widget\" data-widget_type=\"image.default\">\n\t\t\t\t<div class=\"elementor-widget-container\">\n\t\t\t\t\t\t\t\t\t\t\t\t\t\t\t<img decoding=\"async\" loading=\"lazy\" width=\"580\" height=\"201\" src=\"https:\/\/formato2.com.br\/wp-content\/uploads\/2023\/03\/img013-1024x354-1.png\" class=\"attachment-large size-large wp-image-160\" alt=\"\" srcset=\"https:\/\/formato2.com.br\/wp-content\/uploads\/2023\/03\/img013-1024x354-1.png 1024w, https:\/\/formato2.com.br\/wp-content\/uploads\/2023\/03\/img013-1024x354-1-300x104.png 300w, https:\/\/formato2.com.br\/wp-content\/uploads\/2023\/03\/img013-1024x354-1-768x266.png 768w\" sizes=\"(max-width: 580px) 100vw, 580px\" \/>\t\t\t\t\t\t\t\t\t\t\t\t\t\t\t<\/div>\n\t\t\t\t<\/div>\n\t\t\t\t\t<\/div>\n\t\t<\/div>\n\t\t\t\t<div class=\"elementor-column elementor-col-66 elementor-top-column elementor-element elementor-element-898fe40\" data-id=\"898fe40\" data-element_type=\"column\">\n\t\t\t<div class=\"elementor-widget-wrap elementor-element-populated\">\n\t\t\t\t\t\t\t\t<div class=\"elementor-element elementor-element-7c90911 elementor-widget elementor-widget-text-editor\" data-id=\"7c90911\" data-element_type=\"widget\" data-widget_type=\"text-editor.default\">\n\t\t\t\t<div class=\"elementor-widget-container\">\n\t\t\t\t\t\t\t<div class=\"elementor-element elementor-element-aca47f6 elementor-widget elementor-widget-heading\" data-id=\"aca47f6\" data-element_type=\"widget\" data-widget_type=\"heading.default\"><div class=\"elementor-widget-container\"><h2 class=\"elementor-heading-title elementor-size-default\">Miss\u00e3o<\/h2><\/div><\/div><div class=\"elementor-element elementor-element-501aeec elementor-widget-divider--view-line elementor-widget elementor-widget-divider\" data-id=\"501aeec\" data-element_type=\"widget\" data-widget_type=\"divider.default\"><div class=\"elementor-widget-container\"><div class=\"elementor-divider\">\u00a0<\/div><\/div><\/div><div class=\"elementor-element elementor-element-ee74362 elementor-widget elementor-widget-text-editor\" data-id=\"ee74362\" data-element_type=\"widget\" data-widget_type=\"text-editor.default\"><div class=\"elementor-widget-container\"><div class=\"elementor-text-editor elementor-clearfix\"><p>Investir nosso amor pela educa\u00e7\u00e3o sempre na busca pela excel\u00eancia dos nossos servi\u00e7os e produtos.<\/p><p>Resgatar fatos e contar hist\u00f3ria.<\/p><\/div><\/div><\/div>\t\t\t\t\t\t<\/div>\n\t\t\t\t<\/div>\n\t\t\t\t\t<\/div>\n\t\t<\/div>\n\t\t\t\t\t\t\t<\/div>\n\t\t<\/section>\n\t\t\t\t<section class=\"elementor-section elementor-top-section elementor-element elementor-element-f5c635a elementor-section-boxed elementor-section-height-default elementor-section-height-default\" data-id=\"f5c635a\" data-element_type=\"section\">\n\t\t\t\t\t\t<div class=\"elementor-container elementor-column-gap-default\">\n\t\t\t\t\t<div class=\"elementor-column elementor-col-66 elementor-top-column elementor-element elementor-element-24a6bb5\" data-id=\"24a6bb5\" data-element_type=\"column\">\n\t\t\t<div class=\"elementor-widget-wrap elementor-element-populated\">\n\t\t\t\t\t\t\t\t<div class=\"elementor-element elementor-element-beefbf0 elementor-widget elementor-widget-text-editor\" data-id=\"beefbf0\" data-element_type=\"widget\" data-widget_type=\"text-editor.default\">\n\t\t\t\t<div class=\"elementor-widget-container\">\n\t\t\t\t\t\t\t<h2 style=\"font-weight: 600;\">Quem Somos<\/h2><p>A\u00a0Formato2 Editora valoriza o nosso grandioso Brasil para\u00a0resgatar fatos e contar hist\u00f3ria. Investimos nosso amor pela educa\u00e7\u00e3o sempre na busca pela excel\u00eancia dos nossos servi\u00e7os e produtos. Renova\u00e7\u00e3o, transforma\u00e7\u00e3o e pluralidade fazem parte da nossa trajet\u00f3ria, com passagem em v\u00e1rios cantos do pa\u00eds. Nossa equipe multidisciplinar, com professores, fot\u00f3grafos, jornalistas e gestores, trabalha para que nossos livros sejam did\u00e1ticos e comprometidos com a \u00e9tica e com uma educa\u00e7\u00e3o que se esfor\u00e7a para ser cada dia melhor. \u00a0<\/p>\t\t\t\t\t\t<\/div>\n\t\t\t\t<\/div>\n\t\t\t\t\t<\/div>\n\t\t<\/div>\n\t\t\t\t<div class=\"elementor-column elementor-col-33 elementor-top-column elementor-element elementor-element-8e5d8c8\" data-id=\"8e5d8c8\" data-element_type=\"column\">\n\t\t\t<div class=\"elementor-widget-wrap elementor-element-populated\">\n\t\t\t\t\t\t\t\t<div class=\"elementor-element elementor-element-13e1cd3 elementor-widget elementor-widget-image\" data-id=\"13e1cd3\" data-element_type=\"widget\" data-widget_type=\"image.default\">\n\t\t\t\t<div class=\"elementor-widget-container\">\n\t\t\t\t\t\t\t\t\t\t\t\t\t\t\t<img decoding=\"async\" src=\"https:\/\/formato2.com.br\/wp-content\/plugins\/elementor\/assets\/images\/placeholder.png\" title=\"\" alt=\"\" loading=\"lazy\" \/>\t\t\t\t\t\t\t\t\t\t\t\t\t\t\t<\/div>\n\t\t\t\t<\/div>\n\t\t\t\t\t<\/div>\n\t\t<\/div>\n\t\t\t\t\t\t\t<\/div>\n\t\t<\/section>\n\t\t\t\t\t\t\t<\/div>\n\t\t","protected":false},"excerpt":{"rendered":"<p>Nossa hist\u00f3ria Sobre \u00a0 Estudar e conhecer o lugar onde mora significa compreender as rela\u00e7\u00f5es que ali acontecem e sua rela\u00e7\u00e3o entre escalas global, regional e local. \u00c9 neste sentido que a Formato2 Editora trabalha: em prol de contribuir com uma grade curricular unificada em todo pa\u00eds, respeitando o regionalismo e o interesse de cada [&hellip;]<\/p>\n","protected":false},"author":2,"featured_media":0,"parent":0,"menu_order":0,"comment_status":"closed","ping_status":"closed","template":"elementor_header_footer","meta":{"footnotes":""},"yoast_head":"<!-- This site is optimized with the Yoast SEO plugin v20.2.1 - https:\/\/yoast.com\/wordpress\/plugins\/seo\/ -->\n<title>SOBRE - Formato 2<\/title>\n<meta name=\"robots\" content=\"index, follow, max-snippet:-1, max-image-preview:large, max-video-preview:-1\" \/>\n<link rel=\"canonical\" href=\"https:\/\/formato2.com.br\/index.php\/sobre\/\" \/>\n<meta property=\"og:locale\" content=\"en_US\" \/>\n<meta property=\"og:type\" content=\"article\" \/>\n<meta property=\"og:title\" content=\"SOBRE - Formato 2\" \/>\n<meta property=\"og:description\" content=\"Nossa hist\u00f3ria Sobre \u00a0 Estudar e conhecer o lugar onde mora significa compreender as rela\u00e7\u00f5es que ali acontecem e sua rela\u00e7\u00e3o entre escalas global, regional e local. \u00c9 neste sentido que a Formato2 Editora trabalha: em prol de contribuir com uma grade curricular unificada em todo pa\u00eds, respeitando o regionalismo e o interesse de cada [&hellip;]\" \/>\n<meta property=\"og:url\" content=\"https:\/\/formato2.com.br\/index.php\/sobre\/\" \/>\n<meta property=\"og:site_name\" content=\"Formato 2\" \/>\n<meta property=\"article:modified_time\" content=\"2023-03-12T00:37:42+00:00\" \/>\n<meta property=\"og:image\" content=\"https:\/\/formato2.com.br\/wp-content\/uploads\/2023\/03\/img01-1-1024x354-1.png\" \/>\n<meta name=\"twitter:card\" content=\"summary_large_image\" \/>\n<meta name=\"twitter:label1\" content=\"Est. reading time\" \/>\n\t<meta name=\"twitter:data1\" content=\"5 minutes\" \/>\n<script type=\"application\/ld+json\" class=\"yoast-schema-graph\">{\"@context\":\"https:\/\/schema.org\",\"@graph\":[{\"@type\":\"WebPage\",\"@id\":\"https:\/\/formato2.com.br\/index.php\/sobre\/\",\"url\":\"https:\/\/formato2.com.br\/index.php\/sobre\/\",\"name\":\"SOBRE - Formato 2\",\"isPartOf\":{\"@id\":\"https:\/\/formato2.com.br\/#website\"},\"datePublished\":\"2023-03-06T16:59:57+00:00\",\"dateModified\":\"2023-03-12T00:37:42+00:00\",\"breadcrumb\":{\"@id\":\"https:\/\/formato2.com.br\/index.php\/sobre\/#breadcrumb\"},\"inLanguage\":\"en-US\",\"potentialAction\":[{\"@type\":\"ReadAction\",\"target\":[\"https:\/\/formato2.com.br\/index.php\/sobre\/\"]}]},{\"@type\":\"BreadcrumbList\",\"@id\":\"https:\/\/formato2.com.br\/index.php\/sobre\/#breadcrumb\",\"itemListElement\":[{\"@type\":\"ListItem\",\"position\":1,\"name\":\"In\u00edcio\",\"item\":\"https:\/\/formato2.com.br\/\"},{\"@type\":\"ListItem\",\"position\":2,\"name\":\"SOBRE\"}]},{\"@type\":\"WebSite\",\"@id\":\"https:\/\/formato2.com.br\/#website\",\"url\":\"https:\/\/formato2.com.br\/\",\"name\":\"Formato 2\",\"description\":\"\",\"publisher\":{\"@id\":\"https:\/\/formato2.com.br\/#organization\"},\"potentialAction\":[{\"@type\":\"SearchAction\",\"target\":{\"@type\":\"EntryPoint\",\"urlTemplate\":\"https:\/\/formato2.com.br\/?s={search_term_string}\"},\"query-input\":\"required name=search_term_string\"}],\"inLanguage\":\"en-US\"},{\"@type\":\"Organization\",\"@id\":\"https:\/\/formato2.com.br\/#organization\",\"name\":\"Formato 2\",\"url\":\"https:\/\/formato2.com.br\/\",\"logo\":{\"@type\":\"ImageObject\",\"inLanguage\":\"en-US\",\"@id\":\"https:\/\/formato2.com.br\/#\/schema\/logo\/image\/\",\"url\":\"https:\/\/formato2.com.br\/wp-content\/uploads\/2023\/03\/Formato2-marca.png\",\"contentUrl\":\"https:\/\/formato2.com.br\/wp-content\/uploads\/2023\/03\/Formato2-marca.png\",\"width\":361,\"height\":176,\"caption\":\"Formato 2\"},\"image\":{\"@id\":\"https:\/\/formato2.com.br\/#\/schema\/logo\/image\/\"}}]}<\/script>\n<!-- \/ Yoast SEO plugin. -->","yoast_head_json":{"title":"SOBRE - Formato 2","robots":{"index":"index","follow":"follow","max-snippet":"max-snippet:-1","max-image-preview":"max-image-preview:large","max-video-preview":"max-video-preview:-1"},"canonical":"https:\/\/formato2.com.br\/index.php\/sobre\/","og_locale":"en_US","og_type":"article","og_title":"SOBRE - Formato 2","og_description":"Nossa hist\u00f3ria Sobre \u00a0 Estudar e conhecer o lugar onde mora significa compreender as rela\u00e7\u00f5es que ali acontecem e sua rela\u00e7\u00e3o entre escalas global, regional e local. \u00c9 neste sentido que a Formato2 Editora trabalha: em prol de contribuir com uma grade curricular unificada em todo pa\u00eds, respeitando o regionalismo e o interesse de cada [&hellip;]","og_url":"https:\/\/formato2.com.br\/index.php\/sobre\/","og_site_name":"Formato 2","article_modified_time":"2023-03-12T00:37:42+00:00","og_image":[{"url":"https:\/\/formato2.com.br\/wp-content\/uploads\/2023\/03\/img01-1-1024x354-1.png"}],"twitter_card":"summary_large_image","twitter_misc":{"Est. reading time":"5 minutes"},"schema":{"@context":"https:\/\/schema.org","@graph":[{"@type":"WebPage","@id":"https:\/\/formato2.com.br\/index.php\/sobre\/","url":"https:\/\/formato2.com.br\/index.php\/sobre\/","name":"SOBRE - Formato 2","isPartOf":{"@id":"https:\/\/formato2.com.br\/#website"},"datePublished":"2023-03-06T16:59:57+00:00","dateModified":"2023-03-12T00:37:42+00:00","breadcrumb":{"@id":"https:\/\/formato2.com.br\/index.php\/sobre\/#breadcrumb"},"inLanguage":"en-US","potentialAction":[{"@type":"ReadAction","target":["https:\/\/formato2.com.br\/index.php\/sobre\/"]}]},{"@type":"BreadcrumbList","@id":"https:\/\/formato2.com.br\/index.php\/sobre\/#breadcrumb","itemListElement":[{"@type":"ListItem","position":1,"name":"In\u00edcio","item":"https:\/\/formato2.com.br\/"},{"@type":"ListItem","position":2,"name":"SOBRE"}]},{"@type":"WebSite","@id":"https:\/\/formato2.com.br\/#website","url":"https:\/\/formato2.com.br\/","name":"Formato 2","description":"","publisher":{"@id":"https:\/\/formato2.com.br\/#organization"},"potentialAction":[{"@type":"SearchAction","target":{"@type":"EntryPoint","urlTemplate":"https:\/\/formato2.com.br\/?s={search_term_string}"},"query-input":"required name=search_term_string"}],"inLanguage":"en-US"},{"@type":"Organization","@id":"https:\/\/formato2.com.br\/#organization","name":"Formato 2","url":"https:\/\/formato2.com.br\/","logo":{"@type":"ImageObject","inLanguage":"en-US","@id":"https:\/\/formato2.com.br\/#\/schema\/logo\/image\/","url":"https:\/\/formato2.com.br\/wp-content\/uploads\/2023\/03\/Formato2-marca.png","contentUrl":"https:\/\/formato2.com.br\/wp-content\/uploads\/2023\/03\/Formato2-marca.png","width":361,"height":176,"caption":"Formato 2"},"image":{"@id":"https:\/\/formato2.com.br\/#\/schema\/logo\/image\/"}}]}},"_links":{"self":[{"href":"https:\/\/formato2.com.br\/index.php\/wp-json\/wp\/v2\/pages\/29"}],"collection":[{"href":"https:\/\/formato2.com.br\/index.php\/wp-json\/wp\/v2\/pages"}],"about":[{"href":"https:\/\/formato2.com.br\/index.php\/wp-json\/wp\/v2\/types\/page"}],"author":[{"embeddable":true,"href":"https:\/\/formato2.com.br\/index.php\/wp-json\/wp\/v2\/users\/2"}],"replies":[{"embeddable":true,"href":"https:\/\/formato2.com.br\/index.php\/wp-json\/wp\/v2\/comments?post=29"}],"version-history":[{"count":4,"href":"https:\/\/formato2.com.br\/index.php\/wp-json\/wp\/v2\/pages\/29\/revisions"}],"predecessor-version":[{"id":163,"href":"https:\/\/formato2.com.br\/index.php\/wp-json\/wp\/v2\/pages\/29\/revisions\/163"}],"wp:attachment":[{"href":"https:\/\/formato2.com.br\/index.php\/wp-json\/wp\/v2\/media?parent=29"}],"curies":[{"name":"wp","href":"https:\/\/api.w.org\/{rel}","templated":true}]}}